{"id":1231,"date":"2024-01-07T17:13:31","date_gmt":"2024-01-07T17:13:31","guid":{"rendered":"https:\/\/domainedesbraves.com\/?page_id=1231"},"modified":"2024-01-07T17:13:31","modified_gmt":"2024-01-07T17:13:31","slug":"regnie-les-braves-2022-3","status":"publish","type":"page","link":"https:\/\/domainedesbraves.com\/en\/regnie-les-braves-2022-3\/","title":{"rendered":"REGNI\u00c9 LES BRAVES 2022"},"content":{"rendered":"<p>[et_pb_section fb_built=&#8221;1&#8243; _builder_version=&#8221;4.22.1&#8243; _module_preset=&#8221;default&#8221; background_color=&#8221;#000000&#8243; background_image=&#8221;https:\/\/domainedesbraves.com\/wp-content\/uploads\/2023\/08\/fleur-vigne-1440.jpg&#8221; custom_padding=&#8221;0px||0px||true|false&#8221; global_colors_info=&#8221;{}&#8221;][et_pb_row _builder_version=&#8221;4.22.1&#8243; _module_preset=&#8221;default&#8221; global_colors_info=&#8221;{}&#8221;][et_pb_column type=&#8221;4_4&#8243; _builder_version=&#8221;4.22.1&#8243; _module_preset=&#8221;default&#8221; global_colors_info=&#8221;{}&#8221;][\/et_pb_column][\/et_pb_row][\/et_pb_section][et_pb_section fb_built=&#8221;1&#8243; _builder_version=&#8221;4.22.1&#8243; _module_preset=&#8221;default&#8221; custom_margin=&#8221;0px||||false|false&#8221; custom_padding=&#8221;||||false|false&#8221; global_colors_info=&#8221;{}&#8221;][et_pb_row column_structure=&#8221;1_2,1_2&#8243; _builder_version=&#8221;4.22.1&#8243; _module_preset=&#8221;default&#8221; global_colors_info=&#8221;{}&#8221;][et_pb_column type=&#8221;1_2&#8243; _builder_version=&#8221;4.22.1&#8243; _module_preset=&#8221;default&#8221; global_colors_info=&#8221;{}&#8221;][et_pb_image src=&#8221;https:\/\/domainedesbraves.com\/wp-content\/uploads\/2023\/08\/bouteille-de-Regnie-Les-Braves-2022-1.jpg&#8221; alt=&#8221;bottle of R\u00e9gni\u00e9 Les Braves 2022&#8243; title_text=&#8221;bottle of R\u00e9gni\u00e9 Les Braves 2022&#8243; align=&#8221;center&#8221; _builder_version=&#8221;4.22.1&#8243; _module_preset=&#8221;default&#8221; global_colors_info=&#8221;{}&#8221;][\/et_pb_image][\/et_pb_column][et_pb_column type=&#8221;1_2&#8243; _builder_version=&#8221;4.22.1&#8243; _module_preset=&#8221;default&#8221; global_colors_info=&#8221;{}&#8221;][et_pb_post_title meta=&#8221;off&#8221; featured_image=&#8221;off&#8221; _builder_version=&#8221;4.22.1&#8243; _module_preset=&#8221;default&#8221; global_colors_info=&#8221;{}&#8221;][\/et_pb_post_title][et_pb_text _builder_version=&#8221;4.22.1&#8243; _module_preset=&#8221;default&#8221; global_colors_info=&#8221;{}&#8221;]<\/p>\n<p><strong>Grape variety:<\/strong> Gamay<\/p>\n<p><strong>Plot:<\/strong> plot selection of 55-year-old gobelet vines on shallow granite soil<\/p>\n<p><strong>Harvesting:<\/strong> manual<\/p>\n<p><strong>Vinification:<\/strong> pre-fermentation cold maceration, mostly destemmed (75%), 12-day vatting in concrete vats.<\/p>\n<p><strong>Aging:<\/strong> 9 months in concrete vats<\/p>\n<p><strong>Tasting notes:<\/strong> Spicy, peppery, cherry nose. Fresh and rich on the palate, with silky, elegant tannins.<\/p>\n<p><strong>Cellaring potential:<\/strong> 6 to 7 years<\/p>\n<p><strong>Food &amp; wine pairing<\/strong>: sauces, cheese, game<\/p>\n<p>[\/et_pb_text][et_pb_button button_url=&#8221;@ET-DC@eyJkeW5hbWljIjp0cnVlLCJjb250ZW50IjoicG9zdF9saW5rX3VybF9wYWdlIiwic2V0dGluZ3MiOnsicG9zdF9pZCI6IjgzIn19@&#8221; button_text=&#8221;ORDER&#8221; _builder_version=&#8221;4.22.1&#8243; _dynamic_attributes=&#8221;button_url&#8221; _module_preset=&#8221;default&#8221; global_colors_info=&#8221;{}&#8221;][\/et_pb_button][\/et_pb_column][\/et_pb_row][\/et_pb_section]<\/p>\n","protected":false},"excerpt":{"rendered":"<p>Grape variety: Gamay Plot: plot selection of 55-year-old gobelet vines on shallow granite soil Harvesting: manual Vinification: pre-fermentation cold maceration, mostly destemmed (75%), 12-day vatting in concrete vats. Aging: 9 months in concrete vats Tasting notes: Spicy, peppery, cherry nose. Fresh and rich on the palate, with silky, elegant tannins. Cellaring potential: 6 to 7 [&hellip;]<\/p>\n","protected":false},"author":1,"featured_media":669,"parent":0,"menu_order":0,"comment_status":"closed","ping_status":"closed","template":"","meta":{"_et_pb_use_builder":"on","_et_pb_old_content":"","_et_gb_content_width":"","footnotes":""},"class_list":["post-1231","page","type-page","status-publish","has-post-thumbnail","hentry"],"yoast_head":"<!-- This site is optimized with the Yoast SEO plugin v27.3 - https:\/\/yoast.com\/product\/yoast-seo-wordpress\/ -->\n<title>REGNI\u00c9 LES BRAVES 2022 - Domaine des Braves<\/title>\n<meta name=\"description\" content=\"Presentation and characteristics of our vintage &quot;R\u00c9GNI\u00c9 LES BRAVES&quot; 2022\" \/>\n<meta name=\"robots\" content=\"index, follow, max-snippet:-1, max-image-preview:large, max-video-preview:-1\" \/>\n<link rel=\"canonical\" href=\"https:\/\/domainedesbraves.com\/en\/regnie-les-braves-2022-3\/\" \/>\n<meta property=\"og:locale\" content=\"en_US\" \/>\n<meta property=\"og:type\" content=\"article\" \/>\n<meta property=\"og:title\" content=\"REGNI\u00c9 LES BRAVES 2022 - Domaine des Braves\" \/>\n<meta property=\"og:description\" content=\"Presentation and characteristics of our vintage &quot;R\u00c9GNI\u00c9 LES BRAVES&quot; 2022\" \/>\n<meta property=\"og:url\" content=\"https:\/\/domainedesbraves.com\/en\/regnie-les-braves-2022-3\/\" \/>\n<meta property=\"og:site_name\" content=\"Domaine des Braves\" \/>\n<meta property=\"og:image\" content=\"https:\/\/domainedesbraves.com\/wp-content\/uploads\/2023\/08\/bouteille-de-Regnie-Les-Braves-2022-1.jpg\" \/>\n\t<meta property=\"og:image:width\" content=\"800\" \/>\n\t<meta property=\"og:image:height\" content=\"1000\" \/>\n\t<meta property=\"og:image:type\" content=\"image\/jpeg\" \/>\n<meta name=\"twitter:card\" content=\"summary_large_image\" \/>\n<meta name=\"twitter:label1\" content=\"Est. reading time\" \/>\n\t<meta name=\"twitter:data1\" content=\"2 minutes\" \/>\n<script type=\"application\/ld+json\" class=\"yoast-schema-graph\">{\"@context\":\"https:\\\/\\\/schema.org\",\"@graph\":[{\"@type\":\"WebPage\",\"@id\":\"https:\\\/\\\/domainedesbraves.com\\\/en\\\/regnie-les-braves-2022-3\\\/\",\"url\":\"https:\\\/\\\/domainedesbraves.com\\\/en\\\/regnie-les-braves-2022-3\\\/\",\"name\":\"REGNI\u00c9 LES BRAVES 2022 - Domaine des Braves\",\"isPartOf\":{\"@id\":\"https:\\\/\\\/domainedesbraves.com\\\/en\\\/#website\"},\"primaryImageOfPage\":{\"@id\":\"https:\\\/\\\/domainedesbraves.com\\\/en\\\/regnie-les-braves-2022-3\\\/#primaryimage\"},\"image\":{\"@id\":\"https:\\\/\\\/domainedesbraves.com\\\/en\\\/regnie-les-braves-2022-3\\\/#primaryimage\"},\"thumbnailUrl\":\"https:\\\/\\\/domainedesbraves.com\\\/wp-content\\\/uploads\\\/2023\\\/08\\\/bouteille-de-Regnie-Les-Braves-2022-1.jpg\",\"datePublished\":\"2024-01-07T17:13:31+00:00\",\"description\":\"Presentation and characteristics of our vintage \\\"R\u00c9GNI\u00c9 LES BRAVES\\\" 2022\",\"breadcrumb\":{\"@id\":\"https:\\\/\\\/domainedesbraves.com\\\/en\\\/regnie-les-braves-2022-3\\\/#breadcrumb\"},\"inLanguage\":\"en-US\",\"potentialAction\":[{\"@type\":\"ReadAction\",\"target\":[\"https:\\\/\\\/domainedesbraves.com\\\/en\\\/regnie-les-braves-2022-3\\\/\"]}]},{\"@type\":\"ImageObject\",\"inLanguage\":\"en-US\",\"@id\":\"https:\\\/\\\/domainedesbraves.com\\\/en\\\/regnie-les-braves-2022-3\\\/#primaryimage\",\"url\":\"https:\\\/\\\/domainedesbraves.com\\\/wp-content\\\/uploads\\\/2023\\\/08\\\/bouteille-de-Regnie-Les-Braves-2022-1.jpg\",\"contentUrl\":\"https:\\\/\\\/domainedesbraves.com\\\/wp-content\\\/uploads\\\/2023\\\/08\\\/bouteille-de-Regnie-Les-Braves-2022-1.jpg\",\"width\":800,\"height\":1000},{\"@type\":\"BreadcrumbList\",\"@id\":\"https:\\\/\\\/domainedesbraves.com\\\/en\\\/regnie-les-braves-2022-3\\\/#breadcrumb\",\"itemListElement\":[{\"@type\":\"ListItem\",\"position\":1,\"name\":\"Accueil\",\"item\":\"https:\\\/\\\/domainedesbraves.com\\\/en\\\/home\\\/\"},{\"@type\":\"ListItem\",\"position\":2,\"name\":\"REGNI\u00c9 LES BRAVES 2022\"}]},{\"@type\":\"WebSite\",\"@id\":\"https:\\\/\\\/domainedesbraves.com\\\/en\\\/#website\",\"url\":\"https:\\\/\\\/domainedesbraves.com\\\/en\\\/\",\"name\":\"Domaine des Braves\",\"description\":\"\",\"potentialAction\":[{\"@type\":\"SearchAction\",\"target\":{\"@type\":\"EntryPoint\",\"urlTemplate\":\"https:\\\/\\\/domainedesbraves.com\\\/en\\\/?s={search_term_string}\"},\"query-input\":{\"@type\":\"PropertyValueSpecification\",\"valueRequired\":true,\"valueName\":\"search_term_string\"}}],\"inLanguage\":\"en-US\"}]}<\/script>\n<!-- \/ Yoast SEO plugin. -->","yoast_head_json":{"title":"REGNI\u00c9 LES BRAVES 2022 - Domaine des Braves","description":"Presentation and characteristics of our vintage \"R\u00c9GNI\u00c9 LES BRAVES\" 2022","robots":{"index":"index","follow":"follow","max-snippet":"max-snippet:-1","max-image-preview":"max-image-preview:large","max-video-preview":"max-video-preview:-1"},"canonical":"https:\/\/domainedesbraves.com\/en\/regnie-les-braves-2022-3\/","og_locale":"en_US","og_type":"article","og_title":"REGNI\u00c9 LES BRAVES 2022 - Domaine des Braves","og_description":"Presentation and characteristics of our vintage \"R\u00c9GNI\u00c9 LES BRAVES\" 2022","og_url":"https:\/\/domainedesbraves.com\/en\/regnie-les-braves-2022-3\/","og_site_name":"Domaine des Braves","og_image":[{"width":800,"height":1000,"url":"https:\/\/domainedesbraves.com\/wp-content\/uploads\/2023\/08\/bouteille-de-Regnie-Les-Braves-2022-1.jpg","type":"image\/jpeg"}],"twitter_card":"summary_large_image","twitter_misc":{"Est. reading time":"2 minutes"},"schema":{"@context":"https:\/\/schema.org","@graph":[{"@type":"WebPage","@id":"https:\/\/domainedesbraves.com\/en\/regnie-les-braves-2022-3\/","url":"https:\/\/domainedesbraves.com\/en\/regnie-les-braves-2022-3\/","name":"REGNI\u00c9 LES BRAVES 2022 - Domaine des Braves","isPartOf":{"@id":"https:\/\/domainedesbraves.com\/en\/#website"},"primaryImageOfPage":{"@id":"https:\/\/domainedesbraves.com\/en\/regnie-les-braves-2022-3\/#primaryimage"},"image":{"@id":"https:\/\/domainedesbraves.com\/en\/regnie-les-braves-2022-3\/#primaryimage"},"thumbnailUrl":"https:\/\/domainedesbraves.com\/wp-content\/uploads\/2023\/08\/bouteille-de-Regnie-Les-Braves-2022-1.jpg","datePublished":"2024-01-07T17:13:31+00:00","description":"Presentation and characteristics of our vintage \"R\u00c9GNI\u00c9 LES BRAVES\" 2022","breadcrumb":{"@id":"https:\/\/domainedesbraves.com\/en\/regnie-les-braves-2022-3\/#breadcrumb"},"inLanguage":"en-US","potentialAction":[{"@type":"ReadAction","target":["https:\/\/domainedesbraves.com\/en\/regnie-les-braves-2022-3\/"]}]},{"@type":"ImageObject","inLanguage":"en-US","@id":"https:\/\/domainedesbraves.com\/en\/regnie-les-braves-2022-3\/#primaryimage","url":"https:\/\/domainedesbraves.com\/wp-content\/uploads\/2023\/08\/bouteille-de-Regnie-Les-Braves-2022-1.jpg","contentUrl":"https:\/\/domainedesbraves.com\/wp-content\/uploads\/2023\/08\/bouteille-de-Regnie-Les-Braves-2022-1.jpg","width":800,"height":1000},{"@type":"BreadcrumbList","@id":"https:\/\/domainedesbraves.com\/en\/regnie-les-braves-2022-3\/#breadcrumb","itemListElement":[{"@type":"ListItem","position":1,"name":"Accueil","item":"https:\/\/domainedesbraves.com\/en\/home\/"},{"@type":"ListItem","position":2,"name":"REGNI\u00c9 LES BRAVES 2022"}]},{"@type":"WebSite","@id":"https:\/\/domainedesbraves.com\/en\/#website","url":"https:\/\/domainedesbraves.com\/en\/","name":"Domaine des Braves","description":"","potentialAction":[{"@type":"SearchAction","target":{"@type":"EntryPoint","urlTemplate":"https:\/\/domainedesbraves.com\/en\/?s={search_term_string}"},"query-input":{"@type":"PropertyValueSpecification","valueRequired":true,"valueName":"search_term_string"}}],"inLanguage":"en-US"}]}},"_links":{"self":[{"href":"https:\/\/domainedesbraves.com\/en\/wp-json\/wp\/v2\/pages\/1231","targetHints":{"allow":["GET"]}}],"collection":[{"href":"https:\/\/domainedesbraves.com\/en\/wp-json\/wp\/v2\/pages"}],"about":[{"href":"https:\/\/domainedesbraves.com\/en\/wp-json\/wp\/v2\/types\/page"}],"author":[{"embeddable":true,"href":"https:\/\/domainedesbraves.com\/en\/wp-json\/wp\/v2\/users\/1"}],"replies":[{"embeddable":true,"href":"https:\/\/domainedesbraves.com\/en\/wp-json\/wp\/v2\/comments?post=1231"}],"version-history":[{"count":2,"href":"https:\/\/domainedesbraves.com\/en\/wp-json\/wp\/v2\/pages\/1231\/revisions"}],"predecessor-version":[{"id":1235,"href":"https:\/\/domainedesbraves.com\/en\/wp-json\/wp\/v2\/pages\/1231\/revisions\/1235"}],"wp:featuredmedia":[{"embeddable":true,"href":"https:\/\/domainedesbraves.com\/en\/wp-json\/wp\/v2\/media\/669"}],"wp:attachment":[{"href":"https:\/\/domainedesbraves.com\/en\/wp-json\/wp\/v2\/media?parent=1231"}],"curies":[{"name":"wp","href":"https:\/\/api.w.org\/{rel}","templated":true}]}}