{"id":966,"date":"2023-09-04T06:48:33","date_gmt":"2023-09-04T06:48:33","guid":{"rendered":"https:\/\/domainedesbraves.com\/regnie-les-braves-2022\/"},"modified":"2024-03-26T13:14:17","modified_gmt":"2024-03-26T13:14:17","slug":"regnie-les-braves-2022","status":"publish","type":"page","link":"https:\/\/domainedesbraves.com\/de\/regnie-les-braves-2022\/","title":{"rendered":"R\u00c9GNI\u00c9 LES BRAVES 2022"},"content":{"rendered":"<p>[et_pb_section fb_built=&#8220;1&#8243; _builder_version=&#8220;4.22.1&#8243; _module_preset=&#8220;default&#8220; background_color=&#8220;#000000&#8243; background_image=&#8220;https:\/\/domainedesbraves.com\/wp-content\/uploads\/2023\/08\/fleur-vigne-1440.jpg&#8220; custom_padding=&#8220;0px||0px||true|false&#8220; global_colors_info=&#8220;{}&#8220;][et_pb_row _builder_version=&#8220;4.22.1&#8243; _module_preset=&#8220;default&#8220; global_colors_info=&#8220;{}&#8220;][et_pb_column type=&#8220;4_4&#8243; _builder_version=&#8220;4.22.1&#8243; _module_preset=&#8220;default&#8220; global_colors_info=&#8220;{}&#8220;][\/et_pb_column][\/et_pb_row][\/et_pb_section][et_pb_section fb_built=&#8220;1&#8243; _builder_version=&#8220;4.22.1&#8243; _module_preset=&#8220;default&#8220; custom_margin=&#8220;0px||||false|false&#8220; custom_padding=&#8220;||||false|false&#8220; global_colors_info=&#8220;{}&#8220;][et_pb_row column_structure=&#8220;1_2,1_2&#8243; _builder_version=&#8220;4.22.1&#8243; _module_preset=&#8220;default&#8220; global_colors_info=&#8220;{}&#8220;][et_pb_column type=&#8220;1_2&#8243; _builder_version=&#8220;4.22.1&#8243; _module_preset=&#8220;default&#8220; global_colors_info=&#8220;{}&#8220;][et_pb_image src=&#8220;https:\/\/domainedesbraves.com\/wp-content\/uploads\/2023\/08\/bouteille-de-Regnie-Les-Braves-2022-1.jpg&#8220; alt=&#8220;Flasche R\u00e9gni\u00e9 Les Braves 2022&#8243; title_text=&#8220;Flasche R\u00e9gni\u00e9 Les Braves 2022&#8243; align=&#8220;center&#8220; _builder_version=&#8220;4.22.1&#8243; _module_preset=&#8220;default&#8220; global_colors_info=&#8220;{}&#8220;][\/et_pb_image][\/et_pb_column][et_pb_column type=&#8220;1_2&#8243; _builder_version=&#8220;4.22.1&#8243; _module_preset=&#8220;default&#8220; global_colors_info=&#8220;{}&#8220;][et_pb_post_title meta=&#8220;off&#8220; featured_image=&#8220;off&#8220; _builder_version=&#8220;4.22.1&#8243; _module_preset=&#8220;default&#8220; global_colors_info=&#8220;{}&#8220;][\/et_pb_post_title][et_pb_text _builder_version=&#8220;4.24.2&#8243; _module_preset=&#8220;default&#8220; hover_enabled=&#8220;0&#8243; global_colors_info=&#8220;{}&#8220; sticky_enabled=&#8220;0&#8243;]<\/p>\n<p><strong>Rebsorte:<\/strong> Gamay<\/p>\n<p><strong>Parzellen: Parzellenauswahl<\/strong> von 55 Jahre alten Rebst\u00f6cken in Becherform auf oberfl\u00e4chlichem Granitboden<\/p>\n<p><strong>Weinlese:<\/strong> manuell<\/p>\n<p><strong>Weinbereitung:<\/strong> Kaltmazeration vor der G\u00e4rung, gr\u00f6\u00dftenteils abgebeert (75%), 12-t\u00e4gige Maischeg\u00e4rung im Betontank<\/p>\n<p><strong>Ausbau:<\/strong> 9 Monate im Betontank<\/p>\n<p>Verkostung<strong>:<\/strong> W\u00fcrzige Nase, Pfeffer, Kirsche. Sch\u00f6ne Frische im Mund, reich, seidige und elegante Tannine.<\/p>\n<p><strong>Lagerungspotenzial:<\/strong> 6 bis 7 Jahre<\/p>\n<p><strong>Passt zu:<\/strong> Gerichten mit Sauce, K\u00e4se, Wild<\/p>\n<p><strong>Anerkennung:<\/strong> 91\/100 Gault &amp; Millau 2024<\/p>\n<p><img loading=\"lazy\" decoding=\"async\" class=\"alignnone wp-image-1399\" src=\"https:\/\/domainedesbraves.com\/wp-content\/uploads\/2024\/03\/BLOC_DOMAINE_GM_Jaune-300x89.jpg\" alt=\"\" width=\"162\" height=\"48\"><\/p>\n<p>[\/et_pb_text][et_pb_button button_url=&#8220;@ET-DC@eyJkeW5hbWljIjp0cnVlLCJjb250ZW50IjoicG9zdF9saW5rX3VybF9wYWdlIiwic2V0dGluZ3MiOnsicG9zdF9pZCI6IjgzIn19@&#8220; button_text=&#8220;COMMANDER&#8220; _builder_version=&#8220;4.22.1&#8243; _dynamic_attributes=&#8220;button_url&#8220; _module_preset=&#8220;default&#8220; global_colors_info=&#8220;{}&#8220;][\/et_pb_button][\/et_pb_column][\/et_pb_row][\/et_pb_section]<\/p>\n","protected":false},"excerpt":{"rendered":"<p>Rebsorte: Gamay Parzellen: Parzellenauswahl von 55 Jahre alten Rebst\u00f6cken in Becherform auf oberfl\u00e4chlichem Granitboden Weinlese: manuell Weinbereitung: Kaltmazeration vor der G\u00e4rung, gr\u00f6\u00dftenteils abgebeert (75%), 12-t\u00e4gige Maischeg\u00e4rung im Betontank Ausbau: 9 Monate im Betontank Verkostung: W\u00fcrzige Nase, Pfeffer, Kirsche. Sch\u00f6ne Frische im Mund, reich, seidige und elegante Tannine. Lagerungspotenzial: 6 bis 7 Jahre Passt zu: Gerichten [&hellip;]<\/p>\n","protected":false},"author":2,"featured_media":670,"parent":0,"menu_order":0,"comment_status":"closed","ping_status":"closed","template":"","meta":{"_et_pb_use_builder":"on","_et_pb_old_content":"","_et_gb_content_width":"","footnotes":""},"class_list":["post-966","page","type-page","status-publish","has-post-thumbnail","hentry"],"yoast_head":"<!-- This site is optimized with the Yoast SEO plugin v27.3 - https:\/\/yoast.com\/product\/yoast-seo-wordpress\/ -->\n<title>R\u00c9GNI\u00c9 LES BRAVES 2022 - Domaine des Braves<\/title>\n<meta name=\"description\" content=\"Vorstellung und Eigenschaften unseres Cru le &quot;R\u00c9GNI\u00c9 LES BRAVES&quot; 2022\" \/>\n<meta name=\"robots\" content=\"index, follow, max-snippet:-1, max-image-preview:large, max-video-preview:-1\" \/>\n<link rel=\"canonical\" href=\"https:\/\/domainedesbraves.com\/de\/regnie-les-braves-2022\/\" \/>\n<meta property=\"og:locale\" content=\"de_DE\" \/>\n<meta property=\"og:type\" content=\"article\" \/>\n<meta property=\"og:title\" content=\"R\u00c9GNI\u00c9 LES BRAVES 2022 - Domaine des Braves\" \/>\n<meta property=\"og:description\" content=\"Vorstellung und Eigenschaften unseres Cru le &quot;R\u00c9GNI\u00c9 LES BRAVES&quot; 2022\" \/>\n<meta property=\"og:url\" content=\"https:\/\/domainedesbraves.com\/de\/regnie-les-braves-2022\/\" \/>\n<meta property=\"og:site_name\" content=\"Domaine des Braves\" \/>\n<meta property=\"article:modified_time\" content=\"2024-03-26T13:14:17+00:00\" \/>\n<meta property=\"og:image\" content=\"https:\/\/domainedesbraves.com\/wp-content\/uploads\/2023\/08\/bouteille-de-Regnie-Les-Braves-2022-1.jpg\" \/>\n\t<meta property=\"og:image:width\" content=\"800\" \/>\n\t<meta property=\"og:image:height\" content=\"1000\" \/>\n\t<meta property=\"og:image:type\" content=\"image\/jpeg\" \/>\n<meta name=\"twitter:card\" content=\"summary_large_image\" \/>\n<meta name=\"twitter:label1\" content=\"Gesch\u00e4tzte Lesezeit\" \/>\n\t<meta name=\"twitter:data1\" content=\"2\u00a0Minuten\" \/>\n<script type=\"application\/ld+json\" class=\"yoast-schema-graph\">{\"@context\":\"https:\\\/\\\/schema.org\",\"@graph\":[{\"@type\":\"WebPage\",\"@id\":\"https:\\\/\\\/domainedesbraves.com\\\/de\\\/regnie-les-braves-2022\\\/\",\"url\":\"https:\\\/\\\/domainedesbraves.com\\\/de\\\/regnie-les-braves-2022\\\/\",\"name\":\"R\u00c9GNI\u00c9 LES BRAVES 2022 - Domaine des Braves\",\"isPartOf\":{\"@id\":\"https:\\\/\\\/domainedesbraves.com\\\/de\\\/#website\"},\"primaryImageOfPage\":{\"@id\":\"https:\\\/\\\/domainedesbraves.com\\\/de\\\/regnie-les-braves-2022\\\/#primaryimage\"},\"image\":{\"@id\":\"https:\\\/\\\/domainedesbraves.com\\\/de\\\/regnie-les-braves-2022\\\/#primaryimage\"},\"thumbnailUrl\":\"https:\\\/\\\/domainedesbraves.com\\\/wp-content\\\/uploads\\\/2023\\\/08\\\/bouteille-de-Regnie-Les-Braves-2022-1.jpg\",\"datePublished\":\"2023-09-04T06:48:33+00:00\",\"dateModified\":\"2024-03-26T13:14:17+00:00\",\"description\":\"Vorstellung und Eigenschaften unseres Cru le \\\"R\u00c9GNI\u00c9 LES BRAVES\\\" 2022\",\"breadcrumb\":{\"@id\":\"https:\\\/\\\/domainedesbraves.com\\\/de\\\/regnie-les-braves-2022\\\/#breadcrumb\"},\"inLanguage\":\"de\",\"potentialAction\":[{\"@type\":\"ReadAction\",\"target\":[\"https:\\\/\\\/domainedesbraves.com\\\/de\\\/regnie-les-braves-2022\\\/\"]}]},{\"@type\":\"ImageObject\",\"inLanguage\":\"de\",\"@id\":\"https:\\\/\\\/domainedesbraves.com\\\/de\\\/regnie-les-braves-2022\\\/#primaryimage\",\"url\":\"https:\\\/\\\/domainedesbraves.com\\\/wp-content\\\/uploads\\\/2023\\\/08\\\/bouteille-de-Regnie-Les-Braves-2022-1.jpg\",\"contentUrl\":\"https:\\\/\\\/domainedesbraves.com\\\/wp-content\\\/uploads\\\/2023\\\/08\\\/bouteille-de-Regnie-Les-Braves-2022-1.jpg\",\"width\":800,\"height\":1000},{\"@type\":\"BreadcrumbList\",\"@id\":\"https:\\\/\\\/domainedesbraves.com\\\/de\\\/regnie-les-braves-2022\\\/#breadcrumb\",\"itemListElement\":[{\"@type\":\"ListItem\",\"position\":1,\"name\":\"Accueil\",\"item\":\"https:\\\/\\\/domainedesbraves.com\\\/de\\\/startseite\\\/\"},{\"@type\":\"ListItem\",\"position\":2,\"name\":\"R\u00c9GNI\u00c9 LES BRAVES 2022\"}]},{\"@type\":\"WebSite\",\"@id\":\"https:\\\/\\\/domainedesbraves.com\\\/de\\\/#website\",\"url\":\"https:\\\/\\\/domainedesbraves.com\\\/de\\\/\",\"name\":\"Domaine des Braves\",\"description\":\"\",\"potentialAction\":[{\"@type\":\"SearchAction\",\"target\":{\"@type\":\"EntryPoint\",\"urlTemplate\":\"https:\\\/\\\/domainedesbraves.com\\\/de\\\/?s={search_term_string}\"},\"query-input\":{\"@type\":\"PropertyValueSpecification\",\"valueRequired\":true,\"valueName\":\"search_term_string\"}}],\"inLanguage\":\"de\"}]}<\/script>\n<!-- \/ Yoast SEO plugin. -->","yoast_head_json":{"title":"R\u00c9GNI\u00c9 LES BRAVES 2022 - Domaine des Braves","description":"Vorstellung und Eigenschaften unseres Cru le \"R\u00c9GNI\u00c9 LES BRAVES\" 2022","robots":{"index":"index","follow":"follow","max-snippet":"max-snippet:-1","max-image-preview":"max-image-preview:large","max-video-preview":"max-video-preview:-1"},"canonical":"https:\/\/domainedesbraves.com\/de\/regnie-les-braves-2022\/","og_locale":"de_DE","og_type":"article","og_title":"R\u00c9GNI\u00c9 LES BRAVES 2022 - Domaine des Braves","og_description":"Vorstellung und Eigenschaften unseres Cru le \"R\u00c9GNI\u00c9 LES BRAVES\" 2022","og_url":"https:\/\/domainedesbraves.com\/de\/regnie-les-braves-2022\/","og_site_name":"Domaine des Braves","article_modified_time":"2024-03-26T13:14:17+00:00","og_image":[{"width":800,"height":1000,"url":"https:\/\/domainedesbraves.com\/wp-content\/uploads\/2023\/08\/bouteille-de-Regnie-Les-Braves-2022-1.jpg","type":"image\/jpeg"}],"twitter_card":"summary_large_image","twitter_misc":{"Gesch\u00e4tzte Lesezeit":"2\u00a0Minuten"},"schema":{"@context":"https:\/\/schema.org","@graph":[{"@type":"WebPage","@id":"https:\/\/domainedesbraves.com\/de\/regnie-les-braves-2022\/","url":"https:\/\/domainedesbraves.com\/de\/regnie-les-braves-2022\/","name":"R\u00c9GNI\u00c9 LES BRAVES 2022 - Domaine des Braves","isPartOf":{"@id":"https:\/\/domainedesbraves.com\/de\/#website"},"primaryImageOfPage":{"@id":"https:\/\/domainedesbraves.com\/de\/regnie-les-braves-2022\/#primaryimage"},"image":{"@id":"https:\/\/domainedesbraves.com\/de\/regnie-les-braves-2022\/#primaryimage"},"thumbnailUrl":"https:\/\/domainedesbraves.com\/wp-content\/uploads\/2023\/08\/bouteille-de-Regnie-Les-Braves-2022-1.jpg","datePublished":"2023-09-04T06:48:33+00:00","dateModified":"2024-03-26T13:14:17+00:00","description":"Vorstellung und Eigenschaften unseres Cru le \"R\u00c9GNI\u00c9 LES BRAVES\" 2022","breadcrumb":{"@id":"https:\/\/domainedesbraves.com\/de\/regnie-les-braves-2022\/#breadcrumb"},"inLanguage":"de","potentialAction":[{"@type":"ReadAction","target":["https:\/\/domainedesbraves.com\/de\/regnie-les-braves-2022\/"]}]},{"@type":"ImageObject","inLanguage":"de","@id":"https:\/\/domainedesbraves.com\/de\/regnie-les-braves-2022\/#primaryimage","url":"https:\/\/domainedesbraves.com\/wp-content\/uploads\/2023\/08\/bouteille-de-Regnie-Les-Braves-2022-1.jpg","contentUrl":"https:\/\/domainedesbraves.com\/wp-content\/uploads\/2023\/08\/bouteille-de-Regnie-Les-Braves-2022-1.jpg","width":800,"height":1000},{"@type":"BreadcrumbList","@id":"https:\/\/domainedesbraves.com\/de\/regnie-les-braves-2022\/#breadcrumb","itemListElement":[{"@type":"ListItem","position":1,"name":"Accueil","item":"https:\/\/domainedesbraves.com\/de\/startseite\/"},{"@type":"ListItem","position":2,"name":"R\u00c9GNI\u00c9 LES BRAVES 2022"}]},{"@type":"WebSite","@id":"https:\/\/domainedesbraves.com\/de\/#website","url":"https:\/\/domainedesbraves.com\/de\/","name":"Domaine des Braves","description":"","potentialAction":[{"@type":"SearchAction","target":{"@type":"EntryPoint","urlTemplate":"https:\/\/domainedesbraves.com\/de\/?s={search_term_string}"},"query-input":{"@type":"PropertyValueSpecification","valueRequired":true,"valueName":"search_term_string"}}],"inLanguage":"de"}]}},"_links":{"self":[{"href":"https:\/\/domainedesbraves.com\/de\/wp-json\/wp\/v2\/pages\/966","targetHints":{"allow":["GET"]}}],"collection":[{"href":"https:\/\/domainedesbraves.com\/de\/wp-json\/wp\/v2\/pages"}],"about":[{"href":"https:\/\/domainedesbraves.com\/de\/wp-json\/wp\/v2\/types\/page"}],"author":[{"embeddable":true,"href":"https:\/\/domainedesbraves.com\/de\/wp-json\/wp\/v2\/users\/2"}],"replies":[{"embeddable":true,"href":"https:\/\/domainedesbraves.com\/de\/wp-json\/wp\/v2\/comments?post=966"}],"version-history":[{"count":24,"href":"https:\/\/domainedesbraves.com\/de\/wp-json\/wp\/v2\/pages\/966\/revisions"}],"predecessor-version":[{"id":1424,"href":"https:\/\/domainedesbraves.com\/de\/wp-json\/wp\/v2\/pages\/966\/revisions\/1424"}],"wp:featuredmedia":[{"embeddable":true,"href":"https:\/\/domainedesbraves.com\/de\/wp-json\/wp\/v2\/media\/670"}],"wp:attachment":[{"href":"https:\/\/domainedesbraves.com\/de\/wp-json\/wp\/v2\/media?parent=966"}],"curies":[{"name":"wp","href":"https:\/\/api.w.org\/{rel}","templated":true}]}}