{"id":1031,"date":"2023-08-31T14:01:23","date_gmt":"2023-08-31T14:01:23","guid":{"rendered":"https:\/\/domainedesbraves.com\/regnie-ein-terroir-mit-zukunft\/"},"modified":"2024-01-09T14:51:27","modified_gmt":"2024-01-09T14:51:27","slug":"regnie-ein-terroir-mit-zukunft","status":"publish","type":"page","link":"https:\/\/domainedesbraves.com\/de\/regnie-ein-terroir-mit-zukunft\/","title":{"rendered":"R\u00e9gni\u00e9, ein Terroir mit Zukunft"},"content":{"rendered":"<p>[et_pb_section fb_built=&#8220;1&#8243; admin_label=&#8220;haut de accueil&#8220; _builder_version=&#8220;4.22.1&#8243; _module_preset=&#8220;default&#8220; background_image=&#8220;https:\/\/domainedesbraves.com\/wp-content\/uploads\/2023\/09\/vue-aerienne-des-vignes-de-Regnie.jpg&#8220; parallax=&#8220;on&#8220; parallax_method=&#8220;off&#8220; custom_padding=&#8220;||0px|||&#8220; global_colors_info=&#8220;{}&#8220;][et_pb_row _builder_version=&#8220;4.16&#8243; _module_preset=&#8220;default&#8220; global_colors_info=&#8220;{}&#8220;][et_pb_column type=&#8220;4_4&#8243; _builder_version=&#8220;4.16&#8243; _module_preset=&#8220;default&#8220; global_colors_info=&#8220;{}&#8220;][et_pb_text module_class=&#8220;surligne-blanc&#8220; _builder_version=&#8220;4.22.2&#8243; _module_preset=&#8220;default&#8220; text_text_color=&#8220;#000000&#8243; header_font=&#8220;|||on|||||&#8220; header_text_color=&#8220;#FFFFFF&#8220; header_3_text_color=&#8220;#000000&#8243; header_5_text_color=&#8220;#FFFFFF&#8220; header_5_font_size=&#8220;19px&#8220; background_enable_color=&#8220;off&#8220; custom_margin=&#8220;195px||185px||false|false&#8220; custom_margin_tablet=&#8220;220px||||false|false&#8220; custom_margin_phone=&#8220;175px||||false|false&#8220; custom_margin_last_edited=&#8220;on|tablet&#8220; custom_padding=&#8220;1%|1%|1%|1%|true|true&#8220; header_3_font_size_tablet=&#8220;&#8220; header_3_font_size_phone=&#8220;21px&#8220; header_3_font_size_last_edited=&#8220;on|phone&#8220; custom_css_main_element=&#8220;h3 {||  background-color: rgba(0,0,0,0.54)!important;||}&#8220; global_colors_info=&#8220;{}&#8220;]<\/p>\n<h1 style=\"text-align: left;\">R\u00e9gni\u00e9,<br \/>ein Terroir mit Zukunft<\/h1>\n<p>[\/et_pb_text][\/et_pb_column][\/et_pb_row][\/et_pb_section][et_pb_section fb_built=&#8220;1&#8243; disabled_on=&#8220;off|off|off&#8220; admin_label=&#8220;section&#8220; _builder_version=&#8220;4.21.0&#8243; custom_margin=&#8220;0px||0px||true|false&#8220; custom_padding=&#8220;0px||0px||true|false&#8220; global_colors_info=&#8220;{}&#8220;][et_pb_row column_structure=&#8220;1_2,1_2&#8243; use_custom_gutter=&#8220;on&#8220; gutter_width=&#8220;1&#8243; make_equal=&#8220;on&#8220; disabled_on=&#8220;on|on|off&#8220; admin_label=&#8220;1\/2 Seite Fototext f\u00fcr Computer&#8220; _builder_version=&#8220;4.22.1&#8243; background_size=&#8220;initial&#8220; background_position=&#8220;top_left&#8220; background_repeat=&#8220;repeat&#8220; width=&#8220;100%&#8220; max_width=&#8220;2000px&#8220; module_alignment=&#8220;center&#8220; custom_margin=&#8220;0px||0px||true|false&#8220; custom_padding=&#8220;0px||0px||true|false&#8220; global_colors_info=&#8220;{}&#8220;][et_pb_column type=&#8220;1_2&#8243; _builder_version=&#8220;4.22.1&#8243; background_image=&#8220;https:\/\/domainedesbraves.com\/wp-content\/uploads\/2023\/08\/Attachage-2-1440.jpg&#8220; custom_padding=&#8220;|||&#8220; global_colors_info=&#8220;{}&#8220; custom_padding__hover=&#8220;|||&#8220;][et_pb_divider show_divider=&#8220;off&#8220; _builder_version=&#8220;4.21.0&#8243; _module_preset=&#8220;default&#8220; custom_padding=&#8220;209px||209px||true|false&#8220; hover_enabled=&#8220;0&#8243; global_colors_info=&#8220;{}&#8220; sticky_enabled=&#8220;0&#8243;][\/et_pb_divider][\/et_pb_column][et_pb_column type=&#8220;1_2&#8243; _builder_version=&#8220;4.16&#8243; custom_padding=&#8220;|||&#8220; global_colors_info=&#8220;{}&#8220; custom_padding__hover=&#8220;|||&#8220;][et_pb_text admin_label=&#8220;Text&#8220; _builder_version=&#8220;4.21.0&#8243; _module_preset=&#8220;8edef326-89e2-4c77-b4bb-dbe03dbfc2f1&#8243; custom_padding=&#8220;15%|5%|15%|5%|true|true&#8220; hover_enabled=&#8220;0&#8243; global_colors_info=&#8220;{}&#8220; sticky_enabled=&#8220;0&#8243;]<\/p>\n<h2>Tradition und Moderne: Eine perfekte Harmonie<\/h2>\n<p>In der Domaine des Braves legen Victor und Cl\u00e9ment besonderen Wert auf die Verbindung von Tradition und Moderne. Sie sind der Ansicht, dass sich diese beiden Aspekte nicht gegenseitig ausschlie\u00dfen, sondern vielmehr erg\u00e4nzen. Diese \u00dcberzeugung leitet ihr Handeln sowohl bei der Bearbeitung der Weinberge als auch bei der Weinherstellung.<\/p>\n<p>[\/et_pb_text][\/et_pb_column][\/et_pb_row][et_pb_row column_structure=&#8220;1_2,1_2&#8243; use_custom_gutter=&#8220;on&#8220; gutter_width=&#8220;1&#8243; make_equal=&#8220;on&#8220; disabled_on=&#8220;off|off|on&#8220; admin_label=&#8220;1\/2 Seite Fototext f\u00fcr Tel und Tablets&#8220; _builder_version=&#8220;4.22.1&#8243; background_size=&#8220;initial&#8220; background_position=&#8220;top_left&#8220; background_repeat=&#8220;repeat&#8220; width=&#8220;100%&#8220; max_width=&#8220;2000px&#8220; module_alignment=&#8220;center&#8220; custom_margin=&#8220;0px||0px||true|false&#8220; custom_padding=&#8220;0px||0px||true|false&#8220; global_colors_info=&#8220;{}&#8220;][et_pb_column type=&#8220;1_2&#8243; _builder_version=&#8220;4.16&#8243; custom_padding=&#8220;|||&#8220; global_colors_info=&#8220;{}&#8220; custom_padding__hover=&#8220;|||&#8220;][et_pb_text admin_label=&#8220;Text&#8220; _builder_version=&#8220;4.21.0&#8243; _module_preset=&#8220;8edef326-89e2-4c77-b4bb-dbe03dbfc2f1&#8243; custom_padding=&#8220;15%|5%|15%|5%|true|true&#8220; hover_enabled=&#8220;0&#8243; global_colors_info=&#8220;{}&#8220; sticky_enabled=&#8220;0&#8243;]<\/p>\n<h2>Tradition und Moderne: Eine perfekte Harmonie<\/h2>\n<p>In der Domaine des Braves legen Victor und Cl\u00e9ment besonderen Wert auf die Verbindung von Tradition und Moderne. Sie sind der Ansicht, dass sich diese beiden Aspekte nicht gegenseitig ausschlie\u00dfen, sondern vielmehr erg\u00e4nzen. Diese \u00dcberzeugung leitet ihr Handeln sowohl bei der Bearbeitung der Weinberge als auch bei der Weinherstellung.<\/p>\n<p>[\/et_pb_text][\/et_pb_column][et_pb_column type=&#8220;1_2&#8243; _builder_version=&#8220;4.22.1&#8243; background_image=&#8220;https:\/\/domainedesbraves.com\/wp-content\/uploads\/2023\/08\/Attachage-2-1440.jpg&#8220; custom_padding=&#8220;|||&#8220; global_colors_info=&#8220;{}&#8220; custom_padding__hover=&#8220;|||&#8220;][et_pb_divider show_divider=&#8220;off&#8220; _builder_version=&#8220;4.21.0&#8243; _module_preset=&#8220;default&#8220; custom_padding=&#8220;209px||209px||true|false&#8220; global_colors_info=&#8220;{}&#8220;][\/et_pb_divider][\/et_pb_column][\/et_pb_row][\/et_pb_section][et_pb_section fb_built=&#8220;1&#8243; admin_label=&#8220;section&#8220; _builder_version=&#8220;4.16&#8243; custom_padding=&#8220;||3px|||&#8220; global_colors_info=&#8220;{}&#8220;][et_pb_row admin_label=&#8220;row&#8220; _builder_version=&#8220;4.16&#8243; background_size=&#8220;initial&#8220; background_position=&#8220;top_left&#8220; background_repeat=&#8220;repeat&#8220; global_colors_info=&#8220;{}&#8220;][et_pb_column type=&#8220;4_4&#8243; _builder_version=&#8220;4.16&#8243; custom_padding=&#8220;|||&#8220; global_colors_info=&#8220;{}&#8220; custom_padding__hover=&#8220;|||&#8220;][et_pb_text admin_label=&#8220;Text&#8220; _builder_version=&#8220;4.23.4&#8243; background_size=&#8220;initial&#8220; background_position=&#8220;top_left&#8220; background_repeat=&#8220;repeat&#8220; hover_enabled=&#8220;0&#8243; global_colors_info=&#8220;{}&#8220; sticky_enabled=&#8220;0&#8243;]<\/p>\n<h2>Das Plateau der Tapferen: Land aus Granit<\/h2>\n<p>Die Domaine des Braves erstreckt sich \u00fcber 13,5 Hektar, die vollst\u00e4ndig in der Appellation R\u00e9gni\u00e9 liegen. Die Weinberge befinden sich auf einem begrenzten Gebiet, dem Plateau des Braves, auf dem sich stark verwitterte Granitb\u00f6den befinden. Ein Teil der Weinberge befindet sich auf der Westseite dieses Plateaus, wo Granitgestein an die Oberfl\u00e4che tritt. Im Osten befindet sich Lehm, der den Trauben ein anderes aromatisches Profil verleiht.<br \/>Die \u00fcberwiegende Mehrheit der Weinberge wird traditionell in Becherform bewirtschaftet. Das Durchschnittsalter der Parzellen liegt bei etwa 40 Jahren, wobei einige Weinberge bis zu 80 Jahre alt sind. Das Weingut bewirtschaftet auch 1 Hektar Beaujolais Blanc, der auf Granitb\u00f6den gepflanzt ist, die es erm\u00f6glichen, atypische Profile des Chardonnay hervorzubringen.<\/p>\n<p>[\/et_pb_text][\/et_pb_column][\/et_pb_row][\/et_pb_section][et_pb_section fb_built=&#8220;1&#8243; _builder_version=&#8220;4.21.0&#8243; _module_preset=&#8220;default&#8220; global_colors_info=&#8220;{}&#8220;][et_pb_row _builder_version=&#8220;4.21.0&#8243; _module_preset=&#8220;default&#8220; global_colors_info=&#8220;{}&#8220;][et_pb_column type=&#8220;4_4&#8243; _builder_version=&#8220;4.21.0&#8243; _module_preset=&#8220;default&#8220; global_colors_info=&#8220;{}&#8220;][et_pb_divider show_divider=&#8220;off&#8220; _builder_version=&#8220;4.21.0&#8243; _module_preset=&#8220;default&#8220; global_colors_info=&#8220;{}&#8220;][\/et_pb_divider][et_pb_image src=&#8220;https:\/\/domainedesbraves.com\/wp-content\/uploads\/2023\/08\/GP-Terroir-sol-Les-Braves-1440.jpg&#8220; alt=&#8220;Boden des Terroirs von Les Braves Beaujolais&#8220; title_text=&#8220;GP Terroir sol Les Braves 1440&#8243; _builder_version=&#8220;4.21.0&#8243; _module_preset=&#8220;default&#8220; global_colors_info=&#8220;{}&#8220;][\/et_pb_image][et_pb_divider show_divider=&#8220;off&#8220; _builder_version=&#8220;4.21.0&#8243; _module_preset=&#8220;default&#8220; global_colors_info=&#8220;{}&#8220;][\/et_pb_divider][\/et_pb_column][\/et_pb_row][\/et_pb_section][et_pb_section fb_built=&#8220;1&#8243; disabled_on=&#8220;off|off|off&#8220; admin_label=&#8220;section&#8220; _builder_version=&#8220;4.21.0&#8243; custom_margin=&#8220;0px||0px||true|false&#8220; custom_padding=&#8220;0px||0px||true|false&#8220; global_colors_info=&#8220;{}&#8220;][et_pb_row column_structure=&#8220;1_2,1_2&#8243; use_custom_gutter=&#8220;on&#8220; gutter_width=&#8220;1&#8243; make_equal=&#8220;on&#8220; disabled_on=&#8220;on|on|off&#8220; admin_label=&#8220;1\/2 Seite Fototext f\u00fcr Computer&#8220; _builder_version=&#8220;4.21.0&#8243; background_size=&#8220;initial&#8220; background_position=&#8220;top_left&#8220; background_repeat=&#8220;repeat&#8220; width=&#8220;100%&#8220; max_width=&#8220;2000px&#8220; module_alignment=&#8220;center&#8220; custom_margin=&#8220;0px||0px||true|false&#8220; custom_padding=&#8220;0px||0px||true|false&#8220; global_colors_info=&#8220;{}&#8220;][et_pb_column type=&#8220;1_2&#8243; _builder_version=&#8220;4.21.0&#8243; background_image=&#8220;https:\/\/domainedesbraves.com\/wp-content\/uploads\/2023\/08\/Victor-cisaille-800.jpg&#8220; custom_padding=&#8220;|||&#8220; global_colors_info=&#8220;{}&#8220; custom_padding__hover=&#8220;|||&#8220;][et_pb_divider show_divider=&#8220;off&#8220; _builder_version=&#8220;4.22.2&#8243; _module_preset=&#8220;default&#8220; custom_padding=&#8220;225px||225px||true|false&#8220; global_colors_info=&#8220;{}&#8220;][\/et_pb_divider][\/et_pb_column][et_pb_column type=&#8220;1_2&#8243; _builder_version=&#8220;4.16&#8243; custom_padding=&#8220;|||&#8220; global_colors_info=&#8220;{}&#8220; custom_padding__hover=&#8220;|||&#8220;][et_pb_text admin_label=&#8220;Text&#8220; _builder_version=&#8220;4.22.2&#8243; _module_preset=&#8220;8edef326-89e2-4c77-b4bb-dbe03dbfc2f1&#8243; custom_padding=&#8220;17%|5%|17%|5%|true|true&#8220; global_colors_info=&#8220;{}&#8220;]<\/p>\n<h2>Kulturphilosophie<\/h2>\n<p>Der Betrieb folgt zwei Hauptachsen: einem lebendigen Boden und einem gesunden Pflanzenmaterial. Hierf\u00fcr werden prophylaktische Methoden bevorzugt, um ein Gleichgewicht zwischen der St\u00e4rke und dem Potenzial der Reben sowie eine gute Bel\u00fcftung der Rebst\u00f6cke zu erm\u00f6glichen.<br \/>Hinsichtlich des Unkrautmanagements wurde eine oberfl\u00e4chliche Bodenbearbeitung mit leichten Maschinen eingef\u00fchrt, um Bodenverdichtungen und das Risiko einer Bodenversiegelung zu begrenzen.<\/p>\n<p>[\/et_pb_text][\/et_pb_column][\/et_pb_row][et_pb_row column_structure=&#8220;1_2,1_2&#8243; use_custom_gutter=&#8220;on&#8220; gutter_width=&#8220;1&#8243; make_equal=&#8220;on&#8220; disabled_on=&#8220;off|off|on&#8220; admin_label=&#8220;1\/2 Seite Fototext f\u00fcr Tel und Tablets&#8220; _builder_version=&#8220;4.21.0&#8243; background_size=&#8220;initial&#8220; background_position=&#8220;top_left&#8220; background_repeat=&#8220;repeat&#8220; width=&#8220;100%&#8220; max_width=&#8220;2000px&#8220; module_alignment=&#8220;center&#8220; custom_margin=&#8220;0px||0px||true|false&#8220; custom_padding=&#8220;0px||0px||true|false&#8220; global_colors_info=&#8220;{}&#8220;][et_pb_column type=&#8220;1_2&#8243; _builder_version=&#8220;4.16&#8243; custom_padding=&#8220;|||&#8220; global_colors_info=&#8220;{}&#8220; custom_padding__hover=&#8220;|||&#8220;][et_pb_text admin_label=&#8220;Text&#8220; _builder_version=&#8220;4.21.0&#8243; _module_preset=&#8220;8edef326-89e2-4c77-b4bb-dbe03dbfc2f1&#8243; custom_padding=&#8220;15%|5%|15%|5%|true|true&#8220; global_colors_info=&#8220;{}&#8220;]<\/p>\n<h2>Kulturphilosophie<\/h2>\n<p>Der Betrieb folgt zwei Hauptachsen: einem lebendigen Boden und einem gesunden Pflanzenmaterial. Hierf\u00fcr werden prophylaktische Methoden bevorzugt, um ein Gleichgewicht zwischen der St\u00e4rke und dem Potenzial der Reben sowie eine gute Bel\u00fcftung der Rebst\u00f6cke zu erm\u00f6glichen.<br \/>Hinsichtlich des Unkrautmanagements wurde eine oberfl\u00e4chliche Bodenbearbeitung mit leichten Maschinen eingef\u00fchrt, um Bodenverdichtungen und das Risiko einer Bodenversiegelung zu begrenzen.<\/p>\n<p>[\/et_pb_text][\/et_pb_column][et_pb_column type=&#8220;1_2&#8243; _builder_version=&#8220;4.21.0&#8243; background_image=&#8220;https:\/\/domainedesbraves.com\/wp-content\/uploads\/2023\/08\/Victor-cisaille-800.jpg&#8220; custom_padding=&#8220;|||&#8220; global_colors_info=&#8220;{}&#8220; custom_padding__hover=&#8220;|||&#8220;][et_pb_divider show_divider=&#8220;off&#8220; _builder_version=&#8220;4.21.0&#8243; _module_preset=&#8220;default&#8220; custom_padding=&#8220;209px||209px||true|false&#8220; global_colors_info=&#8220;{}&#8220;][\/et_pb_divider][\/et_pb_column][\/et_pb_row][\/et_pb_section][et_pb_section fb_built=&#8220;1&#8243; disabled_on=&#8220;off|off|off&#8220; admin_label=&#8220;section&#8220; _builder_version=&#8220;4.21.0&#8243; custom_margin=&#8220;0px||0px||true|false&#8220; custom_padding=&#8220;0px||0px||true|false&#8220; global_colors_info=&#8220;{}&#8220;][et_pb_row column_structure=&#8220;1_2,1_2&#8243; use_custom_gutter=&#8220;on&#8220; gutter_width=&#8220;1&#8243; make_equal=&#8220;on&#8220; disabled_on=&#8220;off|off|off&#8220; admin_label=&#8220;1\/2 Seite Fototext f\u00fcr Tel und Tablets&#8220; _builder_version=&#8220;4.22.1&#8243; background_size=&#8220;initial&#8220; background_position=&#8220;top_left&#8220; background_repeat=&#8220;repeat&#8220; width=&#8220;100%&#8220; max_width=&#8220;2000px&#8220; module_alignment=&#8220;center&#8220; custom_margin=&#8220;0px||0px||true|false&#8220; custom_padding=&#8220;0px||0px||true|false&#8220; global_colors_info=&#8220;{}&#8220;][et_pb_column type=&#8220;1_2&#8243; _builder_version=&#8220;4.16&#8243; custom_padding=&#8220;|||&#8220; global_colors_info=&#8220;{}&#8220; custom_padding__hover=&#8220;|||&#8220;][et_pb_text admin_label=&#8220;Text&#8220; _builder_version=&#8220;4.21.0&#8243; _module_preset=&#8220;8edef326-89e2-4c77-b4bb-dbe03dbfc2f1&#8243; custom_padding=&#8220;15%|5%|15%|5%|true|true&#8220; global_colors_info=&#8220;{}&#8220;]<\/p>\n<h2>Der Gamay, eine Rebsorte mit vielen Facetten<\/h2>\n<p>W\u00e4hrend der Weinbereitung ist es der Wunsch des Weinguts, Tradition und Moderne zu vereinen, um alle Qualit\u00e4ten und das Potenzial der Gamay-Traube hervorzuheben.<br \/>Je nach angestrebtem Weinprofil werden die Weinbereitungspraktiken angepasst: Art der Maischeg\u00e4rung, Abbeerprozentsatz, Dauer der Maischeg\u00e4rung etc.<br \/>Jede Parzelle wird nach dem Empfinden der Winzer, im Hinblick auf ihr Potenzial und die klimatischen Bedingungen des Jahrgangs, vinifiziert.<br \/>Als Fortsetzung der Weinbereitung werden f\u00fcr den Ausbau verschiedene Arten von Beh\u00e4ltern verwendet: der Edelstahltank, der Betontank und 500-Liter-Halbmaischen.<\/p>\n<p>[\/et_pb_text][\/et_pb_column][et_pb_column type=&#8220;1_2&#8243; _builder_version=&#8220;4.22.1&#8243; background_image=&#8220;https:\/\/domainedesbraves.com\/wp-content\/uploads\/2023\/09\/grappe-de-raison-beaujolais-domaine-des-braves.jpg&#8220; custom_padding=&#8220;|||&#8220; global_colors_info=&#8220;{}&#8220; custom_padding__hover=&#8220;|||&#8220;][et_pb_divider show_divider=&#8220;off&#8220; _builder_version=&#8220;4.21.0&#8243; _module_preset=&#8220;default&#8220; custom_padding=&#8220;209px||209px||true|false&#8220; global_colors_info=&#8220;{}&#8220;][\/et_pb_divider][\/et_pb_column][\/et_pb_row][\/et_pb_section]<\/p>\n","protected":false},"excerpt":{"rendered":"<p>R\u00e9gni\u00e9,ein Terroir mit ZukunftTradition und Moderne: Eine perfekte Harmonie In der Domaine des Braves legen Victor und Cl\u00e9ment besonderen Wert auf die Verbindung von Tradition und Moderne. Sie sind der Ansicht, dass sich diese beiden Aspekte nicht gegenseitig ausschlie\u00dfen, sondern vielmehr erg\u00e4nzen. Diese \u00dcberzeugung leitet ihr Handeln sowohl bei der Bearbeitung der Weinberge als auch [&hellip;]<\/p>\n","protected":false},"author":2,"featured_media":0,"parent":0,"menu_order":0,"comment_status":"closed","ping_status":"closed","template":"","meta":{"_et_pb_use_builder":"on","_et_pb_old_content":"","_et_gb_content_width":"","footnotes":""},"class_list":["post-1031","page","type-page","status-publish","hentry"],"yoast_head":"<!-- This site is optimized with the Yoast SEO plugin v27.5 - https:\/\/yoast.com\/product\/yoast-seo-wordpress\/ -->\n<title>R\u00e9gni\u00e9, ein Terroir mit Zukunft - Domaine des Braves<\/title>\n<meta name=\"robots\" content=\"index, follow, max-snippet:-1, max-image-preview:large, max-video-preview:-1\" \/>\n<link rel=\"canonical\" href=\"https:\/\/domainedesbraves.com\/de\/regnie-ein-terroir-mit-zukunft\/\" \/>\n<meta property=\"og:locale\" content=\"de_DE\" \/>\n<meta property=\"og:type\" content=\"article\" \/>\n<meta property=\"og:title\" content=\"R\u00e9gni\u00e9, ein Terroir mit Zukunft - Domaine des Braves\" \/>\n<meta property=\"og:description\" content=\"R\u00e9gni\u00e9,ein Terroir mit ZukunftTradition und Moderne: Eine perfekte Harmonie In der Domaine des Braves legen Victor und Cl\u00e9ment besonderen Wert auf die Verbindung von Tradition und Moderne. Sie sind der Ansicht, dass sich diese beiden Aspekte nicht gegenseitig ausschlie\u00dfen, sondern vielmehr erg\u00e4nzen. Diese \u00dcberzeugung leitet ihr Handeln sowohl bei der Bearbeitung der Weinberge als auch [&hellip;]\" \/>\n<meta property=\"og:url\" content=\"https:\/\/domainedesbraves.com\/de\/regnie-ein-terroir-mit-zukunft\/\" \/>\n<meta property=\"og:site_name\" content=\"Domaine des Braves\" \/>\n<meta property=\"article:modified_time\" content=\"2024-01-09T14:51:27+00:00\" \/>\n<meta name=\"twitter:card\" content=\"summary_large_image\" \/>\n<meta name=\"twitter:label1\" content=\"Gesch\u00e4tzte Lesezeit\" \/>\n\t<meta name=\"twitter:data1\" content=\"9\u00a0Minuten\" \/>\n<script type=\"application\/ld+json\" class=\"yoast-schema-graph\">{\"@context\":\"https:\\\/\\\/schema.org\",\"@graph\":[{\"@type\":\"WebPage\",\"@id\":\"https:\\\/\\\/domainedesbraves.com\\\/de\\\/regnie-ein-terroir-mit-zukunft\\\/\",\"url\":\"https:\\\/\\\/domainedesbraves.com\\\/de\\\/regnie-ein-terroir-mit-zukunft\\\/\",\"name\":\"R\u00e9gni\u00e9, ein Terroir mit Zukunft - Domaine des Braves\",\"isPartOf\":{\"@id\":\"https:\\\/\\\/domainedesbraves.com\\\/de\\\/#website\"},\"datePublished\":\"2023-08-31T14:01:23+00:00\",\"dateModified\":\"2024-01-09T14:51:27+00:00\",\"breadcrumb\":{\"@id\":\"https:\\\/\\\/domainedesbraves.com\\\/de\\\/regnie-ein-terroir-mit-zukunft\\\/#breadcrumb\"},\"inLanguage\":\"de\",\"potentialAction\":[{\"@type\":\"ReadAction\",\"target\":[\"https:\\\/\\\/domainedesbraves.com\\\/de\\\/regnie-ein-terroir-mit-zukunft\\\/\"]}]},{\"@type\":\"BreadcrumbList\",\"@id\":\"https:\\\/\\\/domainedesbraves.com\\\/de\\\/regnie-ein-terroir-mit-zukunft\\\/#breadcrumb\",\"itemListElement\":[{\"@type\":\"ListItem\",\"position\":1,\"name\":\"Accueil\",\"item\":\"https:\\\/\\\/domainedesbraves.com\\\/de\\\/startseite\\\/\"},{\"@type\":\"ListItem\",\"position\":2,\"name\":\"R\u00e9gni\u00e9, ein Terroir mit Zukunft\"}]},{\"@type\":\"WebSite\",\"@id\":\"https:\\\/\\\/domainedesbraves.com\\\/de\\\/#website\",\"url\":\"https:\\\/\\\/domainedesbraves.com\\\/de\\\/\",\"name\":\"Domaine des Braves\",\"description\":\"\",\"potentialAction\":[{\"@type\":\"SearchAction\",\"target\":{\"@type\":\"EntryPoint\",\"urlTemplate\":\"https:\\\/\\\/domainedesbraves.com\\\/de\\\/?s={search_term_string}\"},\"query-input\":{\"@type\":\"PropertyValueSpecification\",\"valueRequired\":true,\"valueName\":\"search_term_string\"}}],\"inLanguage\":\"de\"}]}<\/script>\n<!-- \/ Yoast SEO plugin. -->","yoast_head_json":{"title":"R\u00e9gni\u00e9, ein Terroir mit Zukunft - Domaine des Braves","robots":{"index":"index","follow":"follow","max-snippet":"max-snippet:-1","max-image-preview":"max-image-preview:large","max-video-preview":"max-video-preview:-1"},"canonical":"https:\/\/domainedesbraves.com\/de\/regnie-ein-terroir-mit-zukunft\/","og_locale":"de_DE","og_type":"article","og_title":"R\u00e9gni\u00e9, ein Terroir mit Zukunft - Domaine des Braves","og_description":"R\u00e9gni\u00e9,ein Terroir mit ZukunftTradition und Moderne: Eine perfekte Harmonie In der Domaine des Braves legen Victor und Cl\u00e9ment besonderen Wert auf die Verbindung von Tradition und Moderne. Sie sind der Ansicht, dass sich diese beiden Aspekte nicht gegenseitig ausschlie\u00dfen, sondern vielmehr erg\u00e4nzen. Diese \u00dcberzeugung leitet ihr Handeln sowohl bei der Bearbeitung der Weinberge als auch [&hellip;]","og_url":"https:\/\/domainedesbraves.com\/de\/regnie-ein-terroir-mit-zukunft\/","og_site_name":"Domaine des Braves","article_modified_time":"2024-01-09T14:51:27+00:00","twitter_card":"summary_large_image","twitter_misc":{"Gesch\u00e4tzte Lesezeit":"9\u00a0Minuten"},"schema":{"@context":"https:\/\/schema.org","@graph":[{"@type":"WebPage","@id":"https:\/\/domainedesbraves.com\/de\/regnie-ein-terroir-mit-zukunft\/","url":"https:\/\/domainedesbraves.com\/de\/regnie-ein-terroir-mit-zukunft\/","name":"R\u00e9gni\u00e9, ein Terroir mit Zukunft - Domaine des Braves","isPartOf":{"@id":"https:\/\/domainedesbraves.com\/de\/#website"},"datePublished":"2023-08-31T14:01:23+00:00","dateModified":"2024-01-09T14:51:27+00:00","breadcrumb":{"@id":"https:\/\/domainedesbraves.com\/de\/regnie-ein-terroir-mit-zukunft\/#breadcrumb"},"inLanguage":"de","potentialAction":[{"@type":"ReadAction","target":["https:\/\/domainedesbraves.com\/de\/regnie-ein-terroir-mit-zukunft\/"]}]},{"@type":"BreadcrumbList","@id":"https:\/\/domainedesbraves.com\/de\/regnie-ein-terroir-mit-zukunft\/#breadcrumb","itemListElement":[{"@type":"ListItem","position":1,"name":"Accueil","item":"https:\/\/domainedesbraves.com\/de\/startseite\/"},{"@type":"ListItem","position":2,"name":"R\u00e9gni\u00e9, ein Terroir mit Zukunft"}]},{"@type":"WebSite","@id":"https:\/\/domainedesbraves.com\/de\/#website","url":"https:\/\/domainedesbraves.com\/de\/","name":"Domaine des Braves","description":"","potentialAction":[{"@type":"SearchAction","target":{"@type":"EntryPoint","urlTemplate":"https:\/\/domainedesbraves.com\/de\/?s={search_term_string}"},"query-input":{"@type":"PropertyValueSpecification","valueRequired":true,"valueName":"search_term_string"}}],"inLanguage":"de"}]}},"_links":{"self":[{"href":"https:\/\/domainedesbraves.com\/de\/wp-json\/wp\/v2\/pages\/1031","targetHints":{"allow":["GET"]}}],"collection":[{"href":"https:\/\/domainedesbraves.com\/de\/wp-json\/wp\/v2\/pages"}],"about":[{"href":"https:\/\/domainedesbraves.com\/de\/wp-json\/wp\/v2\/types\/page"}],"author":[{"embeddable":true,"href":"https:\/\/domainedesbraves.com\/de\/wp-json\/wp\/v2\/users\/2"}],"replies":[{"embeddable":true,"href":"https:\/\/domainedesbraves.com\/de\/wp-json\/wp\/v2\/comments?post=1031"}],"version-history":[{"count":3,"href":"https:\/\/domainedesbraves.com\/de\/wp-json\/wp\/v2\/pages\/1031\/revisions"}],"predecessor-version":[{"id":1307,"href":"https:\/\/domainedesbraves.com\/de\/wp-json\/wp\/v2\/pages\/1031\/revisions\/1307"}],"wp:attachment":[{"href":"https:\/\/domainedesbraves.com\/de\/wp-json\/wp\/v2\/media?parent=1031"}],"curies":[{"name":"wp","href":"https:\/\/api.w.org\/{rel}","templated":true}]}}